{"id":1974,"date":"2023-06-27T20:44:54","date_gmt":"2023-06-27T19:44:54","guid":{"rendered":"https:\/\/zupnija-lesce.rkc.si\/?page_id=1974"},"modified":"2023-07-04T19:28:59","modified_gmt":"2023-07-04T18:28:59","slug":"gospodarski-svet","status":"publish","type":"page","link":"https:\/\/zupnija-lesce.rkc.si\/index.php\/gospodarski-svet\/","title":{"rendered":"\u017dupnijski gospodarski svet"},"content":{"rendered":"\t\t<div data-elementor-type=\"wp-page\" data-elementor-id=\"1974\" class=\"elementor elementor-1974\">\n\t\t\t\t\t\t<section class=\"elementor-section elementor-top-section elementor-element elementor-element-7a774cd elementor-section-boxed elementor-section-height-default elementor-section-height-default\" data-id=\"7a774cd\" data-element_type=\"section\" data-e-type=\"section\">\n\t\t\t\t\t\t<div class=\"elementor-container elementor-column-gap-default\">\n\t\t\t\t\t<div class=\"elementor-column elementor-col-100 elementor-top-column elementor-element elementor-element-48a5d1d\" data-id=\"48a5d1d\" data-element_type=\"column\" data-e-type=\"column\">\n\t\t\t<div class=\"elementor-widget-wrap elementor-element-populated\">\n\t\t\t\t\t\t<div class=\"elementor-element elementor-element-653d9bf elementor-widget elementor-widget-image\" data-id=\"653d9bf\" data-element_type=\"widget\" data-e-type=\"widget\" data-widget_type=\"image.default\">\n\t\t\t\t<div class=\"elementor-widget-container\">\n\t\t\t\t\t\t\t\t\t\t\t\t\t\t\t<img fetchpriority=\"high\" decoding=\"async\" width=\"612\" height=\"408\" src=\"https:\/\/zupnija-lesce.rkc.si\/wp-content\/uploads\/2023\/07\/istockphoto-834728144-612x612-1.jpeg\" class=\"attachment-full size-full wp-image-2060\" alt=\"\" srcset=\"https:\/\/zupnija-lesce.rkc.si\/wp-content\/uploads\/2023\/07\/istockphoto-834728144-612x612-1.jpeg 612w, https:\/\/zupnija-lesce.rkc.si\/wp-content\/uploads\/2023\/07\/istockphoto-834728144-612x612-1-300x200.jpeg 300w, https:\/\/zupnija-lesce.rkc.si\/wp-content\/uploads\/2023\/07\/istockphoto-834728144-612x612-1-230x153.jpeg 230w, https:\/\/zupnija-lesce.rkc.si\/wp-content\/uploads\/2023\/07\/istockphoto-834728144-612x612-1-350x233.jpeg 350w, https:\/\/zupnija-lesce.rkc.si\/wp-content\/uploads\/2023\/07\/istockphoto-834728144-612x612-1-480x320.jpeg 480w\" sizes=\"(max-width: 612px) 100vw, 612px\" \/>\t\t\t\t\t\t\t\t\t\t\t\t\t\t\t<\/div>\n\t\t\t\t<\/div>\n\t\t\t\t\t<\/div>\n\t\t<\/div>\n\t\t\t\t\t<\/div>\n\t\t<\/section>\n\t\t\t\t<section class=\"elementor-section elementor-top-section elementor-element elementor-element-e162636 elementor-section-boxed elementor-section-height-default elementor-section-height-default\" data-id=\"e162636\" data-element_type=\"section\" data-e-type=\"section\">\n\t\t\t\t\t\t<div class=\"elementor-container elementor-column-gap-default\">\n\t\t\t\t\t<div class=\"elementor-column elementor-col-100 elementor-top-column elementor-element elementor-element-812fe71\" data-id=\"812fe71\" data-element_type=\"column\" data-e-type=\"column\">\n\t\t\t<div class=\"elementor-widget-wrap elementor-element-populated\">\n\t\t\t\t\t\t<div class=\"elementor-element elementor-element-4030934 elementor-widget elementor-widget-spacer\" data-id=\"4030934\" data-element_type=\"widget\" data-e-type=\"widget\" data-widget_type=\"spacer.default\">\n\t\t\t\t<div class=\"elementor-widget-container\">\n\t\t\t\t\t\t\t<div class=\"elementor-spacer\">\n\t\t\t<div class=\"elementor-spacer-inner\"><\/div>\n\t\t<\/div>\n\t\t\t\t\t\t<\/div>\n\t\t\t\t<\/div>\n\t\t\t\t\t<\/div>\n\t\t<\/div>\n\t\t\t\t\t<\/div>\n\t\t<\/section>\n\t\t\t\t<section class=\"elementor-section elementor-top-section elementor-element elementor-element-aa9d579 elementor-section-boxed elementor-section-height-default elementor-section-height-default\" data-id=\"aa9d579\" data-element_type=\"section\" data-e-type=\"section\">\n\t\t\t\t\t\t<div class=\"elementor-container elementor-column-gap-default\">\n\t\t\t\t\t<div class=\"elementor-column elementor-col-100 elementor-top-column elementor-element elementor-element-3701bd4\" data-id=\"3701bd4\" data-element_type=\"column\" data-e-type=\"column\">\n\t\t\t<div class=\"elementor-widget-wrap elementor-element-populated\">\n\t\t\t\t\t\t<div class=\"elementor-element elementor-element-09e64d2 elementor-widget elementor-widget-text-editor\" data-id=\"09e64d2\" data-element_type=\"widget\" data-e-type=\"widget\" data-widget_type=\"text-editor.default\">\n\t\t\t\t<div class=\"elementor-widget-container\">\n\t\t\t\t\t\t\t\t\t<div>\u017dupnijski gospodarski svet (\u017dGS), deluje po splo\u0161nem pravu in po dolo\u010dbah, ki jih je izdal krajevni \u0161kof. Naloga \u017dGS je svetovanje krajevnemu duhovniku pri gospodarskem upravljanju \u017eupnije in skrb za ohranjanje in plemenitenje cerkvenega premo\u017eenja. \u017dGS poleg duhovnika sestavljajo klju\u010darji, ki jih na predlog duhovnika imenuje krajevni \u0161kof, in ostali verniki, ki jih imenuje duhovnik. \u010clani \u017dGS v Lescah so:<\/div><ul><li>g. Marko Avsenik, \u017eupnik<\/li><li>g. Franci Bernik<\/li><li>g. Rudolf Carotta, klju\u010dar<\/li><li>dr. Matja\u017e Ger\u0161i\u010d, klju\u010dar (<a href=\"mailto:matjaz.gersic@zrc-sazu.si\" target=\"_blank\" rel=\"noopener\">matjaz.gersic@zrc-sazu.si<\/a>)<\/li><li>g. Janez Grilc<\/li><li>g. Zlatko Novak<\/li><li>g. Bernard Zupanc<\/li><\/ul>\t\t\t\t\t\t\t\t<\/div>\n\t\t\t\t<\/div>\n\t\t\t\t<div class=\"elementor-element elementor-element-2579ca8 elementor-widget elementor-widget-spacer\" data-id=\"2579ca8\" data-element_type=\"widget\" data-e-type=\"widget\" data-widget_type=\"spacer.default\">\n\t\t\t\t<div class=\"elementor-widget-container\">\n\t\t\t\t\t\t\t<div class=\"elementor-spacer\">\n\t\t\t<div class=\"elementor-spacer-inner\"><\/div>\n\t\t<\/div>\n\t\t\t\t\t\t<\/div>\n\t\t\t\t<\/div>\n\t\t\t\t\t<\/div>\n\t\t<\/div>\n\t\t\t\t\t<\/div>\n\t\t<\/section>\n\t\t\t\t<\/div>\n\t\t","protected":false},"excerpt":{"rendered":"<p>\u017dupnijski gospodarski svet (\u017dGS), deluje po splo\u0161nem pravu in po dolo\u010dbah, ki jih je izdal krajevni \u0161kof. Naloga \u017dGS je svetovanje krajevnemu duhovniku pri gospodarskem upravljanju \u017eupnije in skrb za ohranjanje in plemenitenje cerkvenega premo\u017eenja. [&hellip;]<\/p>\n","protected":false},"author":2,"featured_media":0,"parent":0,"menu_order":0,"comment_status":"closed","ping_status":"closed","template":"","meta":{"_bbp_topic_count":0,"_bbp_reply_count":0,"_bbp_total_topic_count":0,"_bbp_total_reply_count":0,"_bbp_voice_count":0,"_bbp_anonymous_reply_count":0,"_bbp_topic_count_hidden":0,"_bbp_reply_count_hidden":0,"_bbp_forum_subforum_count":0,"footnotes":""},"class_list":["post-1974","page","type-page","status-publish","hentry"],"_links":{"self":[{"href":"https:\/\/zupnija-lesce.rkc.si\/index.php\/wp-json\/wp\/v2\/pages\/1974","targetHints":{"allow":["GET"]}}],"collection":[{"href":"https:\/\/zupnija-lesce.rkc.si\/index.php\/wp-json\/wp\/v2\/pages"}],"about":[{"href":"https:\/\/zupnija-lesce.rkc.si\/index.php\/wp-json\/wp\/v2\/types\/page"}],"author":[{"embeddable":true,"href":"https:\/\/zupnija-lesce.rkc.si\/index.php\/wp-json\/wp\/v2\/users\/2"}],"replies":[{"embeddable":true,"href":"https:\/\/zupnija-lesce.rkc.si\/index.php\/wp-json\/wp\/v2\/comments?post=1974"}],"version-history":[{"count":59,"href":"https:\/\/zupnija-lesce.rkc.si\/index.php\/wp-json\/wp\/v2\/pages\/1974\/revisions"}],"predecessor-version":[{"id":2072,"href":"https:\/\/zupnija-lesce.rkc.si\/index.php\/wp-json\/wp\/v2\/pages\/1974\/revisions\/2072"}],"wp:attachment":[{"href":"https:\/\/zupnija-lesce.rkc.si\/index.php\/wp-json\/wp\/v2\/media?parent=1974"}],"curies":[{"name":"wp","href":"https:\/\/api.w.org\/{rel}","templated":true}]}}