{"id":1971,"date":"2023-06-27T20:44:30","date_gmt":"2023-06-27T19:44:30","guid":{"rendered":"https:\/\/zupnija-lesce.rkc.si\/?page_id=1971"},"modified":"2023-07-04T19:30:44","modified_gmt":"2023-07-04T18:30:44","slug":"pastoralni-svet","status":"publish","type":"page","link":"https:\/\/zupnija-lesce.rkc.si\/index.php\/pastoralni-svet\/","title":{"rendered":"\u017dupnijski pastoralni svet"},"content":{"rendered":"\t\t<div data-elementor-type=\"wp-page\" data-elementor-id=\"1971\" class=\"elementor elementor-1971\">\n\t\t\t\t\t\t<section class=\"elementor-section elementor-top-section elementor-element elementor-element-ff367d2 elementor-section-boxed elementor-section-height-default elementor-section-height-default\" data-id=\"ff367d2\" data-element_type=\"section\" data-e-type=\"section\">\n\t\t\t\t\t\t<div class=\"elementor-container elementor-column-gap-default\">\n\t\t\t\t\t<div class=\"elementor-column elementor-col-100 elementor-top-column elementor-element elementor-element-fd136ae\" data-id=\"fd136ae\" data-element_type=\"column\" data-e-type=\"column\">\n\t\t\t<div class=\"elementor-widget-wrap elementor-element-populated\">\n\t\t\t\t\t\t<div class=\"elementor-element elementor-element-8305b50 elementor-widget elementor-widget-image\" data-id=\"8305b50\" data-element_type=\"widget\" data-e-type=\"widget\" data-widget_type=\"image.default\">\n\t\t\t\t<div class=\"elementor-widget-container\">\n\t\t\t\t\t\t\t\t\t\t\t\t\t\t\t<img fetchpriority=\"high\" decoding=\"async\" width=\"2560\" height=\"1584\" src=\"https:\/\/zupnija-lesce.rkc.si\/wp-content\/uploads\/2023\/06\/pexels-jopwell-1325762-scaled.jpg\" class=\"attachment-full size-full wp-image-2051\" alt=\"\" srcset=\"https:\/\/zupnija-lesce.rkc.si\/wp-content\/uploads\/2023\/06\/pexels-jopwell-1325762-scaled.jpg 2560w, https:\/\/zupnija-lesce.rkc.si\/wp-content\/uploads\/2023\/06\/pexels-jopwell-1325762-300x186.jpg 300w, https:\/\/zupnija-lesce.rkc.si\/wp-content\/uploads\/2023\/06\/pexels-jopwell-1325762-1024x634.jpg 1024w, https:\/\/zupnija-lesce.rkc.si\/wp-content\/uploads\/2023\/06\/pexels-jopwell-1325762-768x475.jpg 768w, https:\/\/zupnija-lesce.rkc.si\/wp-content\/uploads\/2023\/06\/pexels-jopwell-1325762-1536x950.jpg 1536w, https:\/\/zupnija-lesce.rkc.si\/wp-content\/uploads\/2023\/06\/pexels-jopwell-1325762-2048x1267.jpg 2048w, https:\/\/zupnija-lesce.rkc.si\/wp-content\/uploads\/2023\/06\/pexels-jopwell-1325762-830x513.jpg 830w, https:\/\/zupnija-lesce.rkc.si\/wp-content\/uploads\/2023\/06\/pexels-jopwell-1325762-230x142.jpg 230w, https:\/\/zupnija-lesce.rkc.si\/wp-content\/uploads\/2023\/06\/pexels-jopwell-1325762-350x217.jpg 350w, https:\/\/zupnija-lesce.rkc.si\/wp-content\/uploads\/2023\/06\/pexels-jopwell-1325762-480x297.jpg 480w\" sizes=\"(max-width: 2560px) 100vw, 2560px\" \/>\t\t\t\t\t\t\t\t\t\t\t\t\t\t\t<\/div>\n\t\t\t\t<\/div>\n\t\t\t\t\t<\/div>\n\t\t<\/div>\n\t\t\t\t\t<\/div>\n\t\t<\/section>\n\t\t\t\t<section class=\"elementor-section elementor-top-section elementor-element elementor-element-7bb5669 elementor-section-boxed elementor-section-height-default elementor-section-height-default\" data-id=\"7bb5669\" data-element_type=\"section\" data-e-type=\"section\">\n\t\t\t\t\t\t<div class=\"elementor-container elementor-column-gap-default\">\n\t\t\t\t\t<div class=\"elementor-column elementor-col-100 elementor-top-column elementor-element elementor-element-1be72e1\" data-id=\"1be72e1\" data-element_type=\"column\" data-e-type=\"column\">\n\t\t\t<div class=\"elementor-widget-wrap elementor-element-populated\">\n\t\t\t\t\t\t<div class=\"elementor-element elementor-element-7117082 elementor-widget elementor-widget-spacer\" data-id=\"7117082\" data-element_type=\"widget\" data-e-type=\"widget\" data-widget_type=\"spacer.default\">\n\t\t\t\t<div class=\"elementor-widget-container\">\n\t\t\t\t\t\t\t<div class=\"elementor-spacer\">\n\t\t\t<div class=\"elementor-spacer-inner\"><\/div>\n\t\t<\/div>\n\t\t\t\t\t\t<\/div>\n\t\t\t\t<\/div>\n\t\t\t\t\t<\/div>\n\t\t<\/div>\n\t\t\t\t\t<\/div>\n\t\t<\/section>\n\t\t\t\t<section class=\"elementor-section elementor-top-section elementor-element elementor-element-1df9d2a elementor-section-boxed elementor-section-height-default elementor-section-height-default\" data-id=\"1df9d2a\" data-element_type=\"section\" data-e-type=\"section\">\n\t\t\t\t\t\t<div class=\"elementor-container elementor-column-gap-default\">\n\t\t\t\t\t<div class=\"elementor-column elementor-col-100 elementor-top-column elementor-element elementor-element-2f45b0b\" data-id=\"2f45b0b\" data-element_type=\"column\" data-e-type=\"column\">\n\t\t\t<div class=\"elementor-widget-wrap elementor-element-populated\">\n\t\t\t\t\t\t<div class=\"elementor-element elementor-element-728cec8 elementor-widget elementor-widget-text-editor\" data-id=\"728cec8\" data-element_type=\"widget\" data-e-type=\"widget\" data-widget_type=\"text-editor.default\">\n\t\t\t\t<div class=\"elementor-widget-container\">\n\t\t\t\t\t\t\t\t\t<div>\u017dupnijski pastoralni svet (\u017dPS) je \u017eupnikovo posvetovalno in delovno telo, ki preu\u010duje, na\u010drtuje, usklajuje, spremlja in preverja izvajanje pastoralnega dela v \u017eupniji. \u017dPS predstavlja in izra\u017ea edinost v razli\u010dnosti karizem, slu\u017eb in stanov v \u017eupniji. Spodbuja in omogo\u010da soodgovornost in sodelovanje vseh vernikov pri pastoralnem delu v \u017eupniji na podro\u010dju oznanjevanja, bogoslu\u017eja in dobrodelnosti ter pri tem povezuje delo duhovnika in laikov. \u017dPS obravnava vpra\u0161anja, ki so povezana z verskim \u017eivljenjem in pastoralnim delovanjem \u017eupnije, pripravlja delovne predloge in sklepe ter skrbi za njihovo uresni\u010devanje.<\/div><div>\u010clani \u017dPS v Lescah so:<\/div><ul><li>g. Marko Avsenik, \u017eupnik<\/li><li>ga. Metka Avsenik<\/li><li>ga. Terezija Carotta<\/li><li>g. Matic \u010cad<\/li><li>ga. Marija \u010cuden<\/li><li>dr. Matja\u017e Ger\u0161i\u010d, klju\u010dar<\/li><li>ga. Sonja Hojkar<\/li><li>ga. Ines\u00a0 Jelenec<\/li><li>ga. Tadeja Klinar<\/li><li>ga. Katarina Perger<\/li><li>ga. Meta Pristov<\/li><li>g. Metod Purgar<\/li><li>ga. Polona Zupan Gra\u0161i\u010d<\/li><li>ga. Jana Rejc<\/li><li>g. Janez \u0160mit<\/li><\/ul>\t\t\t\t\t\t\t\t<\/div>\n\t\t\t\t<\/div>\n\t\t\t\t\t<\/div>\n\t\t<\/div>\n\t\t\t\t\t<\/div>\n\t\t<\/section>\n\t\t\t\t<\/div>\n\t\t","protected":false},"excerpt":{"rendered":"<p>\u017dupnijski pastoralni svet (\u017dPS) je \u017eupnikovo posvetovalno in delovno telo, ki preu\u010duje, na\u010drtuje, usklajuje, spremlja in preverja izvajanje pastoralnega dela v \u017eupniji. \u017dPS predstavlja in izra\u017ea edinost v razli\u010dnosti karizem, slu\u017eb in stanov v \u017eupniji. [&hellip;]<\/p>\n","protected":false},"author":2,"featured_media":0,"parent":0,"menu_order":0,"comment_status":"closed","ping_status":"closed","template":"","meta":{"_bbp_topic_count":0,"_bbp_reply_count":0,"_bbp_total_topic_count":0,"_bbp_total_reply_count":0,"_bbp_voice_count":0,"_bbp_anonymous_reply_count":0,"_bbp_topic_count_hidden":0,"_bbp_reply_count_hidden":0,"_bbp_forum_subforum_count":0,"footnotes":""},"class_list":["post-1971","page","type-page","status-publish","hentry"],"_links":{"self":[{"href":"https:\/\/zupnija-lesce.rkc.si\/index.php\/wp-json\/wp\/v2\/pages\/1971","targetHints":{"allow":["GET"]}}],"collection":[{"href":"https:\/\/zupnija-lesce.rkc.si\/index.php\/wp-json\/wp\/v2\/pages"}],"about":[{"href":"https:\/\/zupnija-lesce.rkc.si\/index.php\/wp-json\/wp\/v2\/types\/page"}],"author":[{"embeddable":true,"href":"https:\/\/zupnija-lesce.rkc.si\/index.php\/wp-json\/wp\/v2\/users\/2"}],"replies":[{"embeddable":true,"href":"https:\/\/zupnija-lesce.rkc.si\/index.php\/wp-json\/wp\/v2\/comments?post=1971"}],"version-history":[{"count":18,"href":"https:\/\/zupnija-lesce.rkc.si\/index.php\/wp-json\/wp\/v2\/pages\/1971\/revisions"}],"predecessor-version":[{"id":2075,"href":"https:\/\/zupnija-lesce.rkc.si\/index.php\/wp-json\/wp\/v2\/pages\/1971\/revisions\/2075"}],"wp:attachment":[{"href":"https:\/\/zupnija-lesce.rkc.si\/index.php\/wp-json\/wp\/v2\/media?parent=1971"}],"curies":[{"name":"wp","href":"https:\/\/api.w.org\/{rel}","templated":true}]}}