{"id":1136,"date":"2022-03-13T21:56:18","date_gmt":"2022-03-13T20:56:18","guid":{"rendered":"https:\/\/zupnija-lesce.rkc.si\/?page_id=1136"},"modified":"2025-01-14T20:42:38","modified_gmt":"2025-01-14T19:42:38","slug":"nedeljska-misel","status":"publish","type":"page","link":"https:\/\/zupnija-lesce.rkc.si\/index.php\/nedeljska-misel\/","title":{"rendered":"Nedeljska misel"},"content":{"rendered":"\n<p>Vabljeni k ogledu videoposnetka, v katerem je podana misel, ki je povezana z vsebino nedeljske bo\u017eje besede. \u017delimo si, da bi vas misel nagovorila in spodbudila k poglobljenemu razmisleku o pomenu tokratne bo\u017eje besede.<\/p>\n\n\n\n<p><strong>Nedelja, 12. 1. 202<\/strong>5<\/p>\n\n\n\n<figure class=\"wp-block-embed is-type-video is-provider-youtube wp-block-embed-youtube\"><div class=\"wp-block-embed__wrapper\">\nhttps:\/\/youtu.be\/9ruGgHD4pnA\n<\/div><\/figure>\n","protected":false},"excerpt":{"rendered":"<p>Vabljeni k ogledu videoposnetka, v katerem je podana misel, ki je povezana z vsebino nedeljske bo\u017eje besede. \u017delimo si, da bi vas misel nagovorila in spodbudila k poglobljenemu razmisleku o pomenu tokratne bo\u017eje besede. Nedelja, [&hellip;]<\/p>\n","protected":false},"author":2,"featured_media":0,"parent":0,"menu_order":0,"comment_status":"closed","ping_status":"closed","template":"","meta":{"_bbp_topic_count":0,"_bbp_reply_count":0,"_bbp_total_topic_count":0,"_bbp_total_reply_count":0,"_bbp_voice_count":0,"_bbp_anonymous_reply_count":0,"_bbp_topic_count_hidden":0,"_bbp_reply_count_hidden":0,"_bbp_forum_subforum_count":0,"footnotes":""},"class_list":["post-1136","page","type-page","status-publish","hentry"],"_links":{"self":[{"href":"https:\/\/zupnija-lesce.rkc.si\/index.php\/wp-json\/wp\/v2\/pages\/1136","targetHints":{"allow":["GET"]}}],"collection":[{"href":"https:\/\/zupnija-lesce.rkc.si\/index.php\/wp-json\/wp\/v2\/pages"}],"about":[{"href":"https:\/\/zupnija-lesce.rkc.si\/index.php\/wp-json\/wp\/v2\/types\/page"}],"author":[{"embeddable":true,"href":"https:\/\/zupnija-lesce.rkc.si\/index.php\/wp-json\/wp\/v2\/users\/2"}],"replies":[{"embeddable":true,"href":"https:\/\/zupnija-lesce.rkc.si\/index.php\/wp-json\/wp\/v2\/comments?post=1136"}],"version-history":[{"count":50,"href":"https:\/\/zupnija-lesce.rkc.si\/index.php\/wp-json\/wp\/v2\/pages\/1136\/revisions"}],"predecessor-version":[{"id":2457,"href":"https:\/\/zupnija-lesce.rkc.si\/index.php\/wp-json\/wp\/v2\/pages\/1136\/revisions\/2457"}],"wp:attachment":[{"href":"https:\/\/zupnija-lesce.rkc.si\/index.php\/wp-json\/wp\/v2\/media?parent=1136"}],"curies":[{"name":"wp","href":"https:\/\/api.w.org\/{rel}","templated":true}]}}